{"id":158,"date":"2025-09-12T16:33:50","date_gmt":"2025-09-12T14:33:50","guid":{"rendered":"https:\/\/archidemain.fr\/?page_id=158"},"modified":"2026-01-28T16:39:36","modified_gmt":"2026-01-28T15:39:36","slug":"prestations","status":"publish","type":"page","link":"https:\/\/archidemain.fr\/index.php\/prestations\/","title":{"rendered":"Prestations"},"content":{"rendered":"\n<div class=\"wp-block-columns alignfull has-ast-global-color-0-background-color has-background is-layout-flex wp-container-core-columns-is-layout-7d874bf9 wp-block-columns-is-layout-flex\" style=\"margin-top:0;margin-bottom:0;padding-top:0;padding-bottom:0\">\n<div class=\"wp-block-column is-vertically-aligned-center has-ast-global-color-0-color has-text-color has-link-color wp-elements-93ccb97e60a4117d02bea84497edd6f5 is-layout-flow wp-block-column-is-layout-flow\" style=\"padding-top:40px;padding-bottom:0px\">\n<h1 class=\"wp-block-heading has-text-align-center has-ast-global-color-5-color has-text-color has-link-color wp-elements-5068a8afdd86debbaa83b39780ab3e7a\" style=\"font-size:32px;letter-spacing:0.02em;line-height:1;text-transform:capitalize\">Mon accompagnement<\/h1>\n\n\n\n<h2 class=\"wp-block-heading has-text-align-center has-ast-global-color-8-color has-text-color has-link-color wp-elements-7aea2ecb14832d9724a68c8b1c8b2396\" style=\"font-size:61px;letter-spacing:1px;line-height:1\">Imaginer, concevoir, construire\u2026<\/h2>\n\n\n\n<hr class=\"wp-block-separator has-text-color has-ast-global-color-1-color has-alpha-channel-opacity has-ast-global-color-1-background-color has-background\"\/>\n\n\n\n<div class=\"wp-block-columns is-layout-flex wp-container-core-columns-is-layout-28f84493 wp-block-columns-is-layout-flex\">\n<div class=\"wp-block-column is-vertically-aligned-center is-layout-flow wp-container-core-column-is-layout-8a368f38 wp-block-column-is-layout-flow\">\n<h3 class=\"wp-block-heading has-text-align-right has-ast-global-color-5-color has-text-color has-link-color wp-elements-20629c6c06df40e3fe6a3037260aef31\" style=\"margin-top:var(--wp--preset--spacing--70);margin-right:var(--wp--preset--spacing--40);margin-bottom:var(--wp--preset--spacing--70);margin-left:var(--wp--preset--spacing--20);font-size:28px\">Un projet de maison, d\u2019extension, de sur\u00e9l\u00e9vation ou de r\u00e9novation est une belle aventure,<br> mais il peut sembler complexe. J\u2019accompagne chaque projet pour qu\u2019il devienne<mark style=\"background-color:rgba(0, 0, 0, 0)\" class=\"has-inline-color has-ast-global-color-1-color\"> <\/mark><br><mark style=\"background-color:rgba(0, 0, 0, 0)\" class=\"has-inline-color has-ast-global-color-1-color\">une r\u00e9alisation concr\u00e8te, fid\u00e8le \u00e0 vos envies et \u00e0 votre budget.<\/mark><\/h3>\n<\/div>\n\n\n\n<div class=\"wp-block-column is-layout-flow wp-block-column-is-layout-flow\" style=\"padding-top:0\">\n<figure class=\"wp-block-image alignfull size-large has-custom-border is-style-rounded\" style=\"margin-top:0px;margin-bottom:-25px;margin-left:0px\"><img fetchpriority=\"high\" decoding=\"async\" width=\"1024\" height=\"768\" src=\"https:\/\/archidemain.fr\/wp-content\/uploads\/2025\/09\/pexels-pixabay-268362-1024x768.jpg\" alt=\"\" class=\"wp-image-243\" style=\"border-style:none;border-width:0px;border-top-left-radius:0px;border-top-right-radius:100px;border-bottom-left-radius:0px;border-bottom-right-radius:0px\" srcset=\"https:\/\/archidemain.fr\/wp-content\/uploads\/2025\/09\/pexels-pixabay-268362-1024x768.jpg 1024w, https:\/\/archidemain.fr\/wp-content\/uploads\/2025\/09\/pexels-pixabay-268362-300x225.jpg 300w, https:\/\/archidemain.fr\/wp-content\/uploads\/2025\/09\/pexels-pixabay-268362-768x576.jpg 768w, https:\/\/archidemain.fr\/wp-content\/uploads\/2025\/09\/pexels-pixabay-268362-1536x1152.jpg 1536w, https:\/\/archidemain.fr\/wp-content\/uploads\/2025\/09\/pexels-pixabay-268362-2048x1536.jpg 2048w\" sizes=\"(max-width: 1024px) 100vw, 1024px\" \/><\/figure>\n<\/div>\n<\/div>\n<\/div>\n<\/div>\n\n\n\n<div class=\"wp-block-columns has-ast-global-color-7-background-color has-background is-layout-flex wp-container-core-columns-is-layout-f5a44f5b wp-block-columns-is-layout-flex\">\n<div class=\"wp-block-column is-layout-flow wp-block-column-is-layout-flow\">\n<p class=\"has-ast-global-color-0-color has-text-color has-link-color wp-elements-1b2eeb4184ba637ddbce73d3827ab136\"><strong>Mon r\u00f4le est de traduire vos besoins en espaces confortables, bien pens\u00e9s et conformes aux r\u00e8gles en vigueur, tout en vous guidant \u00e0 chaque \u00e9tape<\/strong><\/p>\n\n\n\n<ol start=\"1\" class=\"wp-block-list\">\n<li class=\"flip-left has-ast-global-color-2-color has-text-color has-link-color wp-elements-9984ad75939ddef8becdd030e2b41dd5\" style=\"margin-bottom:0;padding-top:0;padding-bottom:0;font-size:26px\"><strong>Premiers \u00e9changes<\/strong><\/li>\n<\/ol>\n\n\n\n<hr class=\"wp-block-separator has-alpha-channel-opacity is-style-wide\"\/>\n\n\n\n<p class=\"has-ast-global-color-0-color has-text-color has-link-color wp-elements-13a2edf0c3f159970594b7264a6e9673\" style=\"margin-top:0;padding-top:0\">Nous commen\u00e7ons par une <mark style=\"background-color:rgba(0, 0, 0, 0);color:#ffffff\" class=\"has-inline-color\"><strong>rencontre pour parler de votre projet<\/strong> :<\/mark> vos besoins, vos envies, vos contraintes et votre budget. Ce temps d\u2019\u00e9change permet de cerner vos attentes et de d\u00e9finir ensemble le cadre du projet avant toute \u00e9tude.<\/p>\n\n\n\n<p class=\"has-ast-global-color-0-color has-text-color has-link-color wp-elements-f1baf5e2e9017c31f46721ee5db1fb68\">Selon la nature du projet, certaines \u00e9tapes peuvent \u00eatre simplifi\u00e9es ou regroup\u00e9es.<\/p>\n\n\n\n<p class=\"has-ast-global-color-0-color has-text-color has-link-color wp-elements-6d97d81193278a4337a23799735a9b9f\">Certains projets n\u00e9cessiteront la consultation de bureau d\u2019\u00e9tude technique.<\/p>\n\n\n\n<figure class=\"wp-block-image size-large\" style=\"margin-bottom:-2rem\"><img decoding=\"async\" width=\"1024\" height=\"768\" src=\"https:\/\/archidemain.fr\/wp-content\/uploads\/2025\/09\/pexels-energepic-com-27411-313691-1024x768.jpg\" alt=\"\" class=\"wp-image-244\" srcset=\"https:\/\/archidemain.fr\/wp-content\/uploads\/2025\/09\/pexels-energepic-com-27411-313691-1024x768.jpg 1024w, https:\/\/archidemain.fr\/wp-content\/uploads\/2025\/09\/pexels-energepic-com-27411-313691-300x225.jpg 300w, https:\/\/archidemain.fr\/wp-content\/uploads\/2025\/09\/pexels-energepic-com-27411-313691-768x576.jpg 768w, https:\/\/archidemain.fr\/wp-content\/uploads\/2025\/09\/pexels-energepic-com-27411-313691-1536x1152.jpg 1536w, https:\/\/archidemain.fr\/wp-content\/uploads\/2025\/09\/pexels-energepic-com-27411-313691-2048x1536.jpg 2048w\" sizes=\"(max-width: 1024px) 100vw, 1024px\" \/><\/figure>\n<\/div>\n\n\n\n<div class=\"wp-block-column is-vertically-aligned-center is-layout-flow wp-block-column-is-layout-flow\">\n<ol start=\"2\" class=\"wp-block-list\">\n<li class=\"flip-left has-ast-global-color-2-color has-text-color has-link-color wp-elements-dbce323f997904571a85f56cb6c736ab\" style=\"margin-bottom:0;padding-top:var(--wp--preset--spacing--50);padding-bottom:var(--wp--preset--spacing--50);font-size:26px;line-height:1.1\"><strong>Relev\u00e9 de l&rsquo;existant<\/strong><\/li>\n<\/ol>\n\n\n\n<div class=\"wp-block-group is-nowrap is-layout-flex wp-container-core-group-is-layout-6c531013 wp-block-group-is-layout-flex\">\n<p class=\"has-ast-global-color-0-color has-text-color has-link-color wp-elements-a267de720b83f7b1b8e9b8afbd4844e2\" style=\"margin-top:0;padding-top:0\">Avant de concevoir, il est essentiel de conna\u00eetre pr\u00e9cis\u00e9ment les lieux. Je viens sur place pour prendre les mesures, <strong><mark style=\"background-color:rgba(0, 0, 0, 0);color:#ffffff\" class=\"has-inline-color\">r\u00e9aliser des relev\u00e9s complets et des photos.<\/mark> <\/strong>Ces informations servent \u00e0 \u00e9tablir des plans exacts de l\u2019\u00e9tat actuel, base indispensable pour dessiner un projet juste et r\u00e9alisable.<\/p>\n<\/div>\n\n\n\n<hr class=\"wp-block-separator has-alpha-channel-opacity is-style-wide\"\/>\n\n\n\n<ol start=\"3\" class=\"wp-block-list\">\n<li class=\"flip-left has-ast-global-color-2-color has-text-color has-link-color wp-elements-c34932057c8533f525f23fa067a79456\" style=\"margin-bottom:0;padding-top:0;padding-bottom:0;font-size:26px;line-height:1.1\"><strong>Esquisse  <\/strong><br><strong>donner forme \u00e0 vos id\u00e9es<\/strong><\/li>\n<\/ol>\n\n\n\n<p class=\"has-text-align-left has-ast-global-color-0-color has-text-color has-link-color wp-elements-9c2148d361a1dac201514e53b032f01a\" style=\"margin-top:var(--wp--preset--spacing--30);margin-bottom:var(--wp--preset--spacing--30)\">\u00c0 partir de nos \u00e9changes et des relev\u00e9s, je pr\u00e9pare <strong><mark style=\"background-color:rgba(0, 0, 0, 0);color:#ffffff\" class=\"has-inline-color\">une ou plusieurs propositions. Plans, coupes, fa\u00e7ades et volum\u00e9tries 3D<\/mark><\/strong> vous aident \u00e0 vous projeter et \u00e0 ressentir les espaces. Nous affinons ensemble ces premi\u00e8res pistes jusqu\u2019\u00e0 trouver la version qui vous ressemble.<\/p>\n\n\n\n<hr class=\"wp-block-separator has-alpha-channel-opacity is-style-wide\"\/>\n<\/div>\n<\/div>\n\n\n\n<div class=\"wp-block-columns has-ast-global-color-5-background-color has-background is-layout-flex wp-container-core-columns-is-layout-f5a44f5b wp-block-columns-is-layout-flex\">\n<div class=\"wp-block-column is-layout-flow wp-block-column-is-layout-flow\">\n<ol start=\"4\" class=\"wp-block-list\">\n<li class=\"flip-left has-ast-global-color-0-color has-text-color has-link-color wp-elements-54b25613d442f082620b5269cb9ad63a\" style=\"margin-bottom:var(--wp--preset--spacing--30);padding-top:0;padding-bottom:0;font-size:26px;line-height:1.2\"><strong>Avant-projet<\/strong> \/ preciser les d\u00e9tails<\/li>\n<\/ol>\n\n\n\n<p class=\"has-text-align-left has-ast-global-color-0-color has-text-color has-link-color wp-elements-ae1c03896e4b3552a863e61ca0e14541\" style=\"margin-top:0;padding-top:0\">Une fois l\u2019esquisse choisie, <strong>je d\u00e9veloppe le projet <\/strong>: plans \u00e0 l\u2019\u00e9chelle, choix des mat\u00e9riaux, premi\u00e8res estimations de budget. C\u2019est \u00e9galement \u00e0 ce moment que je pr\u00e9pare et d\u00e9pose, si n\u00e9cessaire, la demande d\u2019autorisation (Permis de Construire ou D\u00e9claration Pr\u00e9alable) et que je suis son instruction aupr\u00e8s de la mairie.<\/p>\n\n\n\n<hr class=\"wp-block-separator has-alpha-channel-opacity is-style-wide\"\/>\n\n\n\n<ol start=\"5\" class=\"wp-block-list\">\n<li class=\"flip-left has-ast-global-color-0-color has-text-color has-link-color wp-elements-28f8c799bf2814452b20023055eb9dfc\" style=\"margin-bottom:var(--wp--preset--spacing--30);padding-top:0;padding-bottom:0;font-size:26px;line-height:1.2\"><strong>Dossier de consultation des entreprises<\/strong><\/li>\n<\/ol>\n\n\n\n<p class=\"has-text-align-left has-ast-global-color-0-color has-text-color has-link-color wp-elements-f32fa303979ccf234888ea7a512f8fe9\" style=\"margin-top:0;padding-top:0\">Le projet valid\u00e9, je r\u00e9alise les plans techniques et un descriptif pr\u00e9cis pour permettre aux entreprises de chiffrer les travaux. Cette \u00e9tape rassemble tous les documents n\u00e9cessaires \u00e0 une estimation fiable : d\u00e9molitions pr\u00e9vues, implantations \u00e9lectriques, r\u00e9seaux d\u2019eau et de chauffage, mat\u00e9riaux, dimensions pr\u00e9cises, dessin du mobilier&#8230;<\/p>\n\n\n\n<div class=\"wp-block-columns is-layout-flex wp-container-core-columns-is-layout-28f84493 wp-block-columns-is-layout-flex\">\n<div class=\"wp-block-column is-layout-flow wp-block-column-is-layout-flow\">\n<figure class=\"wp-block-image alignright size-medium\" style=\"margin-top:0.1em;margin-left:0\"><img decoding=\"async\" width=\"300\" height=\"200\" src=\"https:\/\/archidemain.fr\/wp-content\/uploads\/2025\/09\/pexels-pixabay-159358-300x200.jpg\" alt=\"\" class=\"wp-image-249\" srcset=\"https:\/\/archidemain.fr\/wp-content\/uploads\/2025\/09\/pexels-pixabay-159358-300x200.jpg 300w, https:\/\/archidemain.fr\/wp-content\/uploads\/2025\/09\/pexels-pixabay-159358-1024x683.jpg 1024w, https:\/\/archidemain.fr\/wp-content\/uploads\/2025\/09\/pexels-pixabay-159358-768x512.jpg 768w, https:\/\/archidemain.fr\/wp-content\/uploads\/2025\/09\/pexels-pixabay-159358-1536x1024.jpg 1536w, https:\/\/archidemain.fr\/wp-content\/uploads\/2025\/09\/pexels-pixabay-159358-2048x1366.jpg 2048w\" sizes=\"(max-width: 300px) 100vw, 300px\" \/><\/figure>\n<\/div>\n\n\n\n<div class=\"wp-block-column is-layout-flow wp-block-column-is-layout-flow\">\n<p class=\"has-ast-global-color-2-color has-text-color has-link-color wp-elements-8bfe4b4891e16c9aa4dc6350ebae8c29\" style=\"margin-top:var(--wp--preset--spacing--20);margin-bottom:var(--wp--preset--spacing--80);margin-left:0;font-size:22px\"><strong>Je vous accompagne ensuite dans la consultation des artisans, l\u2019analyse des devis et le choix des entreprises<\/strong><\/p>\n<\/div>\n<\/div>\n\n\n\n<hr class=\"wp-block-separator has-alpha-channel-opacity is-style-wide\"\/>\n\n\n\n<ol start=\"6\" class=\"wp-block-list has-ast-global-color-0-color has-text-color has-link-color wp-elements-f8f8ec3536421bc22090fb0e6ec6671f\">\n<li class=\"flip-left has-ast-global-color-0-color has-text-color has-link-color wp-elements-1d0afde8d35834aeb72bcfb589fb9be3\" style=\"margin-bottom:0;padding-top:0;padding-bottom:0;font-size:26px;line-height:1.1\"><strong>Direction de l&rsquo;\u00e9x\u00e9cution des travaux <\/strong>\/ suivi de chantier<\/li>\n<\/ol>\n\n\n\n<p class=\"has-ast-global-color-0-color has-text-color has-link-color wp-elements-178f76818f33fc6448aa8e2aeda7d097\" style=\"margin-top:var(--wp--preset--spacing--40)\">Je vous accompagne ensuite dans la consultation des artisans, l\u2019analyse des devis et le choix des entreprises.<\/p>\n\n\n\n<hr class=\"wp-block-separator has-alpha-channel-opacity is-style-wide\"\/>\n\n\n\n<ol start=\"7\" class=\"wp-block-list\">\n<li class=\"flip-left has-ast-global-color-0-color has-text-color has-link-color wp-elements-fef2ff5072332a37c64ee95e5c7b0ebc\" style=\"margin-bottom:0;padding-top:0;padding-bottom:0;font-size:26px;line-height:1.1\"><strong>Assistance \u00e0 la r\u00e9ception<\/strong><\/li>\n<\/ol>\n\n\n\n<p class=\"has-ast-global-color-0-color has-text-color has-link-color wp-elements-befa388f9c489097163d52eedea4e140\">\u00c0 la fin du chantier, je vous assiste pour la r\u00e9ception des travaux et la lev\u00e9e des \u00e9ventuelles r\u00e9serves, afin que vous puissiez emm\u00e9nager l\u2019esprit tranquille.<\/p>\n<\/div>\n<\/div>\n\n\n\n<div class=\"wp-block-columns alignfull has-white-background-color has-background is-layout-flex wp-container-core-columns-is-layout-7ec27bd0 wp-block-columns-is-layout-flex\" style=\"margin-top:0;margin-bottom:var(--wp--preset--spacing--60);padding-top:0;padding-right:var(--wp--preset--spacing--30);padding-bottom:0;padding-left:var(--wp--preset--spacing--30)\">\n<div class=\"wp-block-column is-vertically-aligned-top is-layout-flow wp-container-core-column-is-layout-d205d2ac wp-block-column-is-layout-flow\" style=\"padding-bottom:13px;flex-basis:100%\">\n<figure class=\"wp-block-image alignright size-large is-resized has-custom-border\" style=\"margin-bottom:0\"><img loading=\"lazy\" decoding=\"async\" width=\"1024\" height=\"1024\" src=\"http:\/\/archidemain.fr\/wp-content\/uploads\/2025\/08\/favicon_AD_Plan-de-travail-1-1024x1024.jpg\" alt=\"\" class=\"wp-image-29\" style=\"border-radius:3px;width:253px;height:auto\" srcset=\"https:\/\/archidemain.fr\/wp-content\/uploads\/2025\/08\/favicon_AD_Plan-de-travail-1-1024x1024.jpg 1024w, https:\/\/archidemain.fr\/wp-content\/uploads\/2025\/08\/favicon_AD_Plan-de-travail-1-300x300.jpg 300w, https:\/\/archidemain.fr\/wp-content\/uploads\/2025\/08\/favicon_AD_Plan-de-travail-1-150x150.jpg 150w, https:\/\/archidemain.fr\/wp-content\/uploads\/2025\/08\/favicon_AD_Plan-de-travail-1-768x768.jpg 768w, https:\/\/archidemain.fr\/wp-content\/uploads\/2025\/08\/favicon_AD_Plan-de-travail-1.jpg 1067w\" sizes=\"(max-width: 1024px) 100vw, 1024px\" \/><\/figure>\n\n\n\n<h2 class=\"wp-block-heading has-text-align-right\" style=\"margin-top:var(--wp--preset--spacing--30);margin-right:var(--wp--preset--spacing--20);margin-bottom:0;margin-left:var(--wp--preset--spacing--20);padding-top:var(--wp--preset--spacing--30);padding-right:var(--wp--preset--spacing--60);padding-bottom:0;padding-left:0;letter-spacing:0px;line-height:1.1\">Un accompagnement  \u00e0 la carte<\/h2>\n\n\n\n<p class=\"has-text-align-right has-ast-global-color-2-color has-text-color has-link-color wp-elements-eba076f1663e810a6b77e5ed5b492389\" style=\"padding-right:var(--wp--preset--spacing--30);padding-left:var(--wp--preset--spacing--30);font-size:23px;letter-spacing:-0.05em;line-height:1\"><mark style=\"background-color:rgba(0, 0, 0, 0)\" class=\"has-inline-color has-ast-global-color-0-color\"><strong>Chaque projet est unique.<\/strong><\/mark> Vous pouvez me confier l<strong><mark style=\"background-color:rgba(0, 0, 0, 0)\" class=\"has-inline-color has-ast-global-color-0-color\">\u2019ensemble du parcours (mission compl\u00e8te)<\/mark><\/strong>, du relev\u00e9 initial \u00e0 la remise des cl\u00e9s, ou seulement une partie (mission partielle), comme l\u2019\u00e9tude ou la demande d\u2019autorisation. <strong><mark style=\"background-color:rgba(0, 0, 0, 0)\" class=\"has-inline-color has-ast-global-color-0-color\">\u00c0 vous de choisir la formule qui correspond le mieux \u00e0 vos besoins.<\/mark><\/strong><\/p>\n<\/div>\n\n\n\n<div class=\"wp-block-column is-vertically-aligned-center is-layout-flow wp-block-column-is-layout-flow\" style=\"flex-basis:33.33%\"><\/div>\n<\/div>\n\n\n\n<p><\/p>\n\n\n\n<p><\/p>\n","protected":false},"excerpt":{"rendered":"<p>Mon accompagnement Imaginer, concevoir, construire\u2026 Un projet de maison, d\u2019extension, de sur\u00e9l\u00e9vation ou de r\u00e9novation est une belle aventure, mais [&hellip;]<\/p>\n","protected":false},"author":1,"featured_media":0,"parent":0,"menu_order":0,"comment_status":"closed","ping_status":"closed","template":"","meta":{"site-sidebar-layout":"default","site-content-layout":"","ast-site-content-layout":"default","site-content-style":"default","site-sidebar-style":"default","ast-global-header-display":"","ast-banner-title-visibility":"","ast-main-header-display":"","ast-hfb-above-header-display":"","ast-hfb-below-header-display":"","ast-hfb-mobile-header-display":"","site-post-title":"disabled","ast-breadcrumbs-content":"","ast-featured-img":"","footer-sml-layout":"","ast-disable-related-posts":"","theme-transparent-header-meta":"","adv-header-id-meta":"","stick-header-meta":"","header-above-stick-meta":"","header-main-stick-meta":"","header-below-stick-meta":"","astra-migrate-meta-layouts":"default","ast-page-background-enabled":"default","ast-page-background-meta":{"desktop":{"background-color":"var(--ast-global-color-5)","background-image":"","background-repeat":"repeat","background-position":"center center","background-size":"auto","background-attachment":"scroll","background-type":"","background-media":"","overlay-type":"","overlay-color":"","overlay-opacity":"","overlay-gradient":""},"tablet":{"background-color":"","background-image":"","background-repeat":"repeat","background-position":"center center","background-size":"auto","background-attachment":"scroll","background-type":"","background-media":"","overlay-type":"","overlay-color":"","overlay-opacity":"","overlay-gradient":""},"mobile":{"background-color":"","background-image":"","background-repeat":"repeat","background-position":"center center","background-size":"auto","background-attachment":"scroll","background-type":"","background-media":"","overlay-type":"","overlay-color":"","overlay-opacity":"","overlay-gradient":""}},"ast-content-background-meta":{"desktop":{"background-color":"var(--ast-global-color-4)","background-image":"","background-repeat":"repeat","background-position":"center center","background-size":"auto","background-attachment":"scroll","background-type":"","background-media":"","overlay-type":"","overlay-color":"","overlay-opacity":"","overlay-gradient":""},"tablet":{"background-color":"var(--ast-global-color-4)","background-image":"","background-repeat":"repeat","background-position":"center center","background-size":"auto","background-attachment":"scroll","background-type":"","background-media":"","overlay-type":"","overlay-color":"","overlay-opacity":"","overlay-gradient":""},"mobile":{"background-color":"var(--ast-global-color-4)","background-image":"","background-repeat":"repeat","background-position":"center center","background-size":"auto","background-attachment":"scroll","background-type":"","background-media":"","overlay-type":"","overlay-color":"","overlay-opacity":"","overlay-gradient":""}},"footnotes":""},"class_list":["post-158","page","type-page","status-publish","hentry"],"_links":{"self":[{"href":"https:\/\/archidemain.fr\/index.php\/wp-json\/wp\/v2\/pages\/158","targetHints":{"allow":["GET"]}}],"collection":[{"href":"https:\/\/archidemain.fr\/index.php\/wp-json\/wp\/v2\/pages"}],"about":[{"href":"https:\/\/archidemain.fr\/index.php\/wp-json\/wp\/v2\/types\/page"}],"author":[{"embeddable":true,"href":"https:\/\/archidemain.fr\/index.php\/wp-json\/wp\/v2\/users\/1"}],"replies":[{"embeddable":true,"href":"https:\/\/archidemain.fr\/index.php\/wp-json\/wp\/v2\/comments?post=158"}],"version-history":[{"count":52,"href":"https:\/\/archidemain.fr\/index.php\/wp-json\/wp\/v2\/pages\/158\/revisions"}],"predecessor-version":[{"id":351,"href":"https:\/\/archidemain.fr\/index.php\/wp-json\/wp\/v2\/pages\/158\/revisions\/351"}],"wp:attachment":[{"href":"https:\/\/archidemain.fr\/index.php\/wp-json\/wp\/v2\/media?parent=158"}],"curies":[{"name":"wp","href":"https:\/\/api.w.org\/{rel}","templated":true}]}}